{"id":1765,"date":"2023-05-08T09:27:12","date_gmt":"2023-05-08T09:27:12","guid":{"rendered":"https:\/\/gela-bau.de\/service\/fenetre\/"},"modified":"2023-09-06T08:20:27","modified_gmt":"2023-09-06T08:20:27","slug":"fenetre","status":"publish","type":"page","link":"https:\/\/gela-bau.de\/fr\/service\/fenetre\/","title":{"rendered":"Fen\u00eatre"},"content":{"rendered":"\t\t<div data-elementor-type=\"wp-page\" data-elementor-id=\"1765\" class=\"elementor elementor-1765 elementor-45\" data-elementor-post-type=\"page\">\n\t\t\t\t\t\t<section class=\"elementor-section elementor-top-section elementor-element elementor-element-620e832e elementor-section-height-min-height elementor-section-items-stretch elementor-section-content-middle elementor-reverse-mobile elementor-section-boxed elementor-section-height-default\" data-id=\"620e832e\" data-element_type=\"section\" data-e-type=\"section\" data-settings=\"{&quot;background_background&quot;:&quot;classic&quot;,&quot;background_motion_fx_motion_fx_mouse&quot;:&quot;yes&quot;}\">\n\t\t\t\t\t\t<div class=\"elementor-container elementor-column-gap-default\">\n\t\t\t\t\t<div class=\"elementor-column elementor-col-50 elementor-top-column elementor-element elementor-element-745c47b4\" data-id=\"745c47b4\" data-element_type=\"column\" data-e-type=\"column\">\n\t\t\t<div class=\"elementor-widget-wrap elementor-element-populated\">\n\t\t\t\t\t\t<div class=\"elementor-element elementor-element-1c7a41a8 elementor-align-left elementor-mobile-align-center elementor-absolute elementor-hidden-mobile elementor-widget elementor-widget-button\" data-id=\"1c7a41a8\" data-element_type=\"widget\" data-e-type=\"widget\" data-settings=\"{&quot;_position&quot;:&quot;absolute&quot;}\" data-widget_type=\"button.default\">\n\t\t\t\t<div class=\"elementor-widget-container\">\n\t\t\t\t\t\t\t\t\t<div class=\"elementor-button-wrapper\">\n\t\t\t\t\t<a class=\"elementor-button elementor-button-link elementor-size-md\" href=\"https:\/\/gela-bau.de\/fr\/service\/\">\n\t\t\t\t\t\t<span class=\"elementor-button-content-wrapper\">\n\t\t\t\t\t\t<span class=\"elementor-button-icon\">\n\t\t\t\t<i aria-hidden=\"true\" class=\"fas fa-angle-left\"><\/i>\t\t\t<\/span>\n\t\t\t\t\t\t\t\t\t<span class=\"elementor-button-text\">Retour \u00e0 tous les services<\/span>\n\t\t\t\t\t<\/span>\n\t\t\t\t\t<\/a>\n\t\t\t\t<\/div>\n\t\t\t\t\t\t\t\t<\/div>\n\t\t\t\t<\/div>\n\t\t\t\t<div class=\"elementor-element elementor-element-347aa2af elementor-widget elementor-widget-heading\" data-id=\"347aa2af\" data-element_type=\"widget\" data-e-type=\"widget\" data-widget_type=\"heading.default\">\n\t\t\t\t<div class=\"elementor-widget-container\">\n\t\t\t\t\t<h1 class=\"elementor-heading-title elementor-size-default\">Remplacer les fen\u00eatres<\/h1>\t\t\t\t<\/div>\n\t\t\t\t<\/div>\n\t\t\t\t<div class=\"elementor-element elementor-element-0f831f3 elementor-widget elementor-widget-text-editor\" data-id=\"0f831f3\" data-element_type=\"widget\" data-e-type=\"widget\" data-widget_type=\"text-editor.default\">\n\t\t\t\t<div class=\"elementor-widget-container\">\n\t\t\t\t\t\t\t\t\t<p style=\"margin-bottom: 0px;\">Les nouvelles fen\u00eatres sont un investissement pour l&rsquo;avenir. Nous vous donnons ici un aper\u00e7u concis des \u00e9l\u00e9ments \u00e0 prendre en compte lors de l&rsquo;installation de nouvelles fen\u00eatres.<\/p>\t\t\t\t\t\t\t\t<\/div>\n\t\t\t\t<\/div>\n\t\t\t\t\t<\/div>\n\t\t<\/div>\n\t\t\t\t<div class=\"elementor-column elementor-col-50 elementor-top-column elementor-element elementor-element-5b4639fc\" data-id=\"5b4639fc\" data-element_type=\"column\" data-e-type=\"column\" data-settings=\"{&quot;background_background&quot;:&quot;classic&quot;,&quot;background_motion_fx_motion_fx_mouse&quot;:&quot;yes&quot;,&quot;background_motion_fx_mouseTrack_effect&quot;:&quot;yes&quot;,&quot;background_motion_fx_mouseTrack_speed&quot;:{&quot;unit&quot;:&quot;px&quot;,&quot;size&quot;:0.1,&quot;sizes&quot;:[]}}\">\n\t\t\t<div class=\"elementor-widget-wrap elementor-element-populated\">\n\t\t\t\t\t\t<div class=\"elementor-element elementor-element-68dc11e1 elementor-position-top elementor-widget elementor-widget-image-box\" data-id=\"68dc11e1\" data-element_type=\"widget\" data-e-type=\"widget\" data-settings=\"{&quot;motion_fx_motion_fx_mouse&quot;:&quot;yes&quot;,&quot;motion_fx_mouseTrack_effect&quot;:&quot;yes&quot;,&quot;motion_fx_mouseTrack_speed&quot;:{&quot;unit&quot;:&quot;px&quot;,&quot;size&quot;:0.1,&quot;sizes&quot;:[]},&quot;motion_fx_tilt_effect&quot;:&quot;yes&quot;,&quot;motion_fx_tilt_speed&quot;:{&quot;unit&quot;:&quot;px&quot;,&quot;size&quot;:1,&quot;sizes&quot;:[]}}\" data-widget_type=\"image-box.default\">\n\t\t\t\t<div class=\"elementor-widget-container\">\n\t\t\t\t\t<div class=\"elementor-image-box-wrapper\"><figure class=\"elementor-image-box-img\"><img fetchpriority=\"high\" decoding=\"async\" width=\"600\" height=\"600\" src=\"https:\/\/gela-bau.de\/wp-content\/uploads\/2023\/05\/Gela-Weru-Fenster.png\" class=\"elementor-animation-grow attachment-full size-full wp-image-1477\" alt=\"\" srcset=\"https:\/\/gela-bau.de\/wp-content\/uploads\/2023\/05\/Gela-Weru-Fenster.png 600w, https:\/\/gela-bau.de\/wp-content\/uploads\/2023\/05\/Gela-Weru-Fenster-300x300.png 300w, https:\/\/gela-bau.de\/wp-content\/uploads\/2023\/05\/Gela-Weru-Fenster-150x150.png 150w\" sizes=\"(max-width: 600px) 100vw, 600px\" \/><\/figure><\/div>\t\t\t\t<\/div>\n\t\t\t\t<\/div>\n\t\t\t\t\t<\/div>\n\t\t<\/div>\n\t\t\t\t\t<\/div>\n\t\t<\/section>\n\t\t\t\t<section class=\"elementor-section elementor-top-section elementor-element elementor-element-1b0bd79c elementor-section-height-min-height elementor-section-content-middle elementor-section-items-top elementor-section-boxed elementor-section-height-default\" data-id=\"1b0bd79c\" data-element_type=\"section\" data-e-type=\"section\" id=\"overview\" data-settings=\"{&quot;background_background&quot;:&quot;classic&quot;}\">\n\t\t\t\t\t\t\t<div class=\"elementor-background-overlay\"><\/div>\n\t\t\t\t\t\t\t<div class=\"elementor-container elementor-column-gap-default\">\n\t\t\t\t\t<div class=\"elementor-column elementor-col-50 elementor-top-column elementor-element elementor-element-b1c7cd0\" data-id=\"b1c7cd0\" data-element_type=\"column\" data-e-type=\"column\">\n\t\t\t<div class=\"elementor-widget-wrap elementor-element-populated\">\n\t\t\t\t\t\t<div class=\"elementor-element elementor-element-d1e056c elementor-widget elementor-widget-heading\" data-id=\"d1e056c\" data-element_type=\"widget\" data-e-type=\"widget\" data-widget_type=\"heading.default\">\n\t\t\t\t<div class=\"elementor-widget-container\">\n\t\t\t\t\t<h2 class=\"elementor-heading-title elementor-size-default\">Pourquoi il vaut la peine de faire appel \u00e0 un sp\u00e9cialiste pour les fen\u00eatres et les portes.<\/h2>\t\t\t\t<\/div>\n\t\t\t\t<\/div>\n\t\t\t\t\t<\/div>\n\t\t<\/div>\n\t\t\t\t<div class=\"elementor-column elementor-col-50 elementor-top-column elementor-element elementor-element-56e3425d\" data-id=\"56e3425d\" data-element_type=\"column\" data-e-type=\"column\">\n\t\t\t<div class=\"elementor-widget-wrap elementor-element-populated\">\n\t\t\t\t\t\t<div class=\"elementor-element elementor-element-3c301d7a elementor-widget elementor-widget-text-editor\" data-id=\"3c301d7a\" data-element_type=\"widget\" data-e-type=\"widget\" data-widget_type=\"text-editor.default\">\n\t\t\t\t<div class=\"elementor-widget-container\">\n\t\t\t\t\t\t\t\t\t<p>Les fen\u00eatres de haute qualit\u00e9 peuvent aider \u00e0 \u00e9conomiser les co\u00fbts \u00e9nerg\u00e9tiques gr\u00e2ce \u00e0 leur capacit\u00e9 d&rsquo;isolation. Il ne vaut donc plus la peine depuis longtemps de faire des \u00e9conomies lors de l&rsquo;achat de fen\u00eatres. Nous vous conseillons volontiers dans le choix des fen\u00eatres qui offrent vraiment la plus grande valeur ajout\u00e9e et dont vous pourrez profiter longtemps.<\/p>\n<p>De plus, les fen\u00eatres et les portes sont un facteur de s\u00e9curit\u00e9. Au rez-de-chauss\u00e9e en particulier, vous devez veiller \u00e0 rendre l&rsquo;acc\u00e8s aussi difficile que possible aux personnes mal intentionn\u00e9es. L\u00e0 aussi, nous avons les meilleures solutions \u00e0 vous proposer.<\/p>\n<p>N&rsquo;oubliez pas non plus l&rsquo;impact de l&rsquo;insonorisation sur le bien-\u00eatre dans un appartement ou un bureau. Si vous achetez des fen\u00eatres \u00e0 un professionnel, vous pouvez \u00eatre s\u00fbr que l&rsquo;installation se fera \u00e0 votre satisfaction et que la valeur de votre fen\u00eatre se refl\u00e9tera au final dans votre confort de vie.<\/p>\n\t\t\t\t\t\t\t\t<\/div>\n\t\t\t\t<\/div>\n\t\t\t\t\t<\/div>\n\t\t<\/div>\n\t\t\t\t\t<\/div>\n\t\t<\/section>\n\t\t\t\t<section class=\"elementor-section elementor-top-section elementor-element elementor-element-84b5e80 elementor-section-height-min-height elementor-section-content-middle elementor-section-items-top elementor-section-boxed elementor-section-height-default\" data-id=\"84b5e80\" data-element_type=\"section\" data-e-type=\"section\" data-settings=\"{&quot;background_background&quot;:&quot;classic&quot;}\">\n\t\t\t\t\t\t\t<div class=\"elementor-background-overlay\"><\/div>\n\t\t\t\t\t\t\t<div class=\"elementor-container elementor-column-gap-default\">\n\t\t\t\t\t<div class=\"elementor-column elementor-col-50 elementor-top-column elementor-element elementor-element-855cd7c\" data-id=\"855cd7c\" data-element_type=\"column\" data-e-type=\"column\">\n\t\t\t<div class=\"elementor-widget-wrap elementor-element-populated\">\n\t\t\t\t\t\t<div class=\"elementor-element elementor-element-c01ef98 elementor-widget elementor-widget-heading\" data-id=\"c01ef98\" data-element_type=\"widget\" data-e-type=\"widget\" data-widget_type=\"heading.default\">\n\t\t\t\t<div class=\"elementor-widget-container\">\n\t\t\t\t\t<h2 class=\"elementor-heading-title elementor-size-default\">Nos constructeurs de fen\u00eatres garantissent une qualit\u00e9 optimale.<\/h2>\t\t\t\t<\/div>\n\t\t\t\t<\/div>\n\t\t\t\t\t<\/div>\n\t\t<\/div>\n\t\t\t\t<div class=\"elementor-column elementor-col-50 elementor-top-column elementor-element elementor-element-0fe2bc9\" data-id=\"0fe2bc9\" data-element_type=\"column\" data-e-type=\"column\">\n\t\t\t<div class=\"elementor-widget-wrap elementor-element-populated\">\n\t\t\t\t\t\t<div class=\"elementor-element elementor-element-754cb97 elementor-widget elementor-widget-text-editor\" data-id=\"754cb97\" data-element_type=\"widget\" data-e-type=\"widget\" data-widget_type=\"text-editor.default\">\n\t\t\t\t<div class=\"elementor-widget-container\">\n\t\t\t\t\t\t\t\t\t<p>Il convient de faire preuve de prudence lors de la manipulation des fen\u00eatres. Nos constructeurs de fen\u00eatres disposent des qualifications et des formations compl\u00e9mentaires pour nos marques de fen\u00eatres. Ils peuvent ainsi travailler plus rapidement et plus efficacement, ce qui se traduit par un r\u00e9sultat de haute qualit\u00e9 lors de la pose des fen\u00eatres.<\/p>\n<p>Nos conseillers peuvent \u00e9galement vous aider \u00e0 choisir les bons mat\u00e9riaux, ce qui vous permettra d&rsquo;obtenir un design de fen\u00eatre unique pour votre maison, qui r\u00e9pondra \u00e0 vos besoins sp\u00e9cifiques.<\/p>\n<p>Parlez-nous de vos id\u00e9es. Nous pouvons vous aider \u00e0 planifier et \u00e0 mettre en \u0153uvre votre projet.<\/p>\n\t\t\t\t\t\t\t\t<\/div>\n\t\t\t\t<\/div>\n\t\t\t\t\t<\/div>\n\t\t<\/div>\n\t\t\t\t\t<\/div>\n\t\t<\/section>\n\t\t\t\t<section class=\"elementor-section elementor-top-section elementor-element elementor-element-9864b1e elementor-section-height-min-height elementor-section-content-middle elementor-section-items-top elementor-section-boxed elementor-section-height-default\" data-id=\"9864b1e\" data-element_type=\"section\" data-e-type=\"section\" data-settings=\"{&quot;background_background&quot;:&quot;classic&quot;}\">\n\t\t\t\t\t\t\t<div class=\"elementor-background-overlay\"><\/div>\n\t\t\t\t\t\t\t<div class=\"elementor-container elementor-column-gap-default\">\n\t\t\t\t\t<div class=\"elementor-column elementor-col-50 elementor-top-column elementor-element elementor-element-7e97adf\" data-id=\"7e97adf\" data-element_type=\"column\" data-e-type=\"column\">\n\t\t\t<div class=\"elementor-widget-wrap elementor-element-populated\">\n\t\t\t\t\t\t<div class=\"elementor-element elementor-element-ac58e49 elementor-widget elementor-widget-heading\" data-id=\"ac58e49\" data-element_type=\"widget\" data-e-type=\"widget\" data-widget_type=\"heading.default\">\n\t\t\t\t<div class=\"elementor-widget-container\">\n\t\t\t\t\t<h2 class=\"elementor-heading-title elementor-size-default\">Quels sont les diff\u00e9rents types de fen\u00eatres\u00a0?<\/h2>\t\t\t\t<\/div>\n\t\t\t\t<\/div>\n\t\t\t\t\t<\/div>\n\t\t<\/div>\n\t\t\t\t<div class=\"elementor-column elementor-col-50 elementor-top-column elementor-element elementor-element-9e4d8c9\" data-id=\"9e4d8c9\" data-element_type=\"column\" data-e-type=\"column\">\n\t\t\t<div class=\"elementor-widget-wrap elementor-element-populated\">\n\t\t\t\t\t\t<div class=\"elementor-element elementor-element-ef8b6fb elementor-widget elementor-widget-text-editor\" data-id=\"ef8b6fb\" data-element_type=\"widget\" data-e-type=\"widget\" data-widget_type=\"text-editor.default\">\n\t\t\t\t<div class=\"elementor-widget-container\">\n\t\t\t\t\t\t\t\t\t<p>Nous proposons une large gamme de diff\u00e9rents types de fen\u00eatres, qui se distinguent tant par leur design que par leur fonctionnalit\u00e9\u00a0:<br \/>Fen\u00eatres en PVC, fen\u00eatres en bois, fen\u00eatres en aluminium, fen\u00eatres en bois-aluminium et fen\u00eatres enti\u00e8rement vitr\u00e9es.<\/p>\n<p>Votre cr\u00e9ativit\u00e9 et vos souhaits sont quasiment illimit\u00e9s, en particulier dans le cas d&rsquo;une nouvelle construction. M\u00eame si vous souhaitez r\u00e9nover une maison plus ancienne, nous mettons tout en \u0153uvre pour que vos souhaits deviennent r\u00e9alit\u00e9. N&rsquo;h\u00e9sitez pas \u00e0 nous faire part de vos exigences (protection climatique, protection contre l&rsquo;effraction, &#8230;) et nous nous occuperons, en fonction de vos conditions, de la commande, du d\u00e9montage des anciennes fen\u00eatres, du montage des nouvelles fen\u00eatres et portes, ainsi que, le cas \u00e9ch\u00e9ant, de la protection solaire adapt\u00e9e.<\/p>\n\t\t\t\t\t\t\t\t<\/div>\n\t\t\t\t<\/div>\n\t\t\t\t\t<\/div>\n\t\t<\/div>\n\t\t\t\t\t<\/div>\n\t\t<\/section>\n\t\t\t\t<\/div>\n\t\t","protected":false},"excerpt":{"rendered":"<p>Retour \u00e0 tous les services Remplacer les fen\u00eatres Les nouvelles fen\u00eatres sont un investissement pour l&rsquo;avenir. Nous vous donnons ici un aper\u00e7u concis des \u00e9l\u00e9ments \u00e0 prendre en compte lors de l&rsquo;installation de nouvelles fen\u00eatres. Pourquoi il vaut la peine de faire appel \u00e0 un sp\u00e9cialiste pour les fen\u00eatres et les portes. Les fen\u00eatres de [&hellip;]<\/p>\n","protected":false},"author":2,"featured_media":1477,"parent":1761,"menu_order":0,"comment_status":"closed","ping_status":"closed","template":"elementor_header_footer","meta":{"footnotes":""},"class_list":["post-1765","page","type-page","status-publish","has-post-thumbnail","hentry"],"yoast_head":"<!-- This site is optimized with the Yoast SEO Premium plugin v27.4 (Yoast SEO v27.4) - https:\/\/yoast.com\/product\/yoast-seo-premium-wordpress\/ -->\n<title>Fen\u00eatre - GELA Bauelemente GmbH<\/title>\n<meta name=\"description\" content=\"Gr\u00e2ce \u00e0 leur capacit\u00e9 d&#039;isolation, les fen\u00eatres de haute qualit\u00e9 contribuent \u00e0 \u00e9conomiser les co\u00fbts \u00e9nerg\u00e9tiques. Nous livrons volontiers de nouvelles fen\u00eatres pour votre maison.\" \/>\n<meta name=\"robots\" content=\"index, follow, max-snippet:-1, max-image-preview:large, max-video-preview:-1\" \/>\n<link rel=\"canonical\" href=\"https:\/\/gela-bau.de\/fr\/service\/fenetre\/\" \/>\n<meta property=\"og:locale\" content=\"fr_FR\" \/>\n<meta property=\"og:type\" content=\"article\" \/>\n<meta property=\"og:title\" content=\"Fen\u00eatre\" \/>\n<meta property=\"og:description\" content=\"Gr\u00e2ce \u00e0 leur capacit\u00e9 d&#039;isolation, les fen\u00eatres de haute qualit\u00e9 contribuent \u00e0 \u00e9conomiser les co\u00fbts \u00e9nerg\u00e9tiques. Nous livrons volontiers de nouvelles fen\u00eatres pour votre maison.\" \/>\n<meta property=\"og:url\" content=\"https:\/\/gela-bau.de\/fr\/service\/fenetre\/\" \/>\n<meta property=\"og:site_name\" content=\"GELA Bauelemente GmbH\" \/>\n<meta property=\"article:publisher\" content=\"https:\/\/www.facebook.com\/Gela.Bauelemente\" \/>\n<meta property=\"article:modified_time\" content=\"2023-09-06T08:20:27+00:00\" \/>\n<meta property=\"og:image\" content=\"https:\/\/gela-bau.de\/wp-content\/uploads\/2023\/05\/Gela-Weru-Fenster.png\" \/>\n\t<meta property=\"og:image:width\" content=\"600\" \/>\n\t<meta property=\"og:image:height\" content=\"600\" \/>\n\t<meta property=\"og:image:type\" content=\"image\/png\" \/>\n<meta name=\"twitter:card\" content=\"summary_large_image\" \/>\n<meta name=\"twitter:label1\" content=\"Dur\u00e9e de lecture estim\u00e9e\" \/>\n\t<meta name=\"twitter:data1\" content=\"3 minutes\" \/>\n<script type=\"application\/ld+json\" class=\"yoast-schema-graph\">{\"@context\":\"https:\\\/\\\/schema.org\",\"@graph\":[{\"@type\":\"WebPage\",\"@id\":\"https:\\\/\\\/gela-bau.de\\\/fr\\\/service\\\/fenetre\\\/\",\"url\":\"https:\\\/\\\/gela-bau.de\\\/fr\\\/service\\\/fenetre\\\/\",\"name\":\"Fen\u00eatre - GELA Bauelemente GmbH\",\"isPartOf\":{\"@id\":\"https:\\\/\\\/gela-bau.de\\\/fr\\\/#website\"},\"primaryImageOfPage\":{\"@id\":\"https:\\\/\\\/gela-bau.de\\\/fr\\\/service\\\/fenetre\\\/#primaryimage\"},\"image\":{\"@id\":\"https:\\\/\\\/gela-bau.de\\\/fr\\\/service\\\/fenetre\\\/#primaryimage\"},\"thumbnailUrl\":\"https:\\\/\\\/gela-bau.de\\\/wp-content\\\/uploads\\\/2023\\\/05\\\/Gela-Weru-Fenster.png\",\"datePublished\":\"2023-05-08T09:27:12+00:00\",\"dateModified\":\"2023-09-06T08:20:27+00:00\",\"description\":\"Gr\u00e2ce \u00e0 leur capacit\u00e9 d'isolation, les fen\u00eatres de haute qualit\u00e9 contribuent \u00e0 \u00e9conomiser les co\u00fbts \u00e9nerg\u00e9tiques. Nous livrons volontiers de nouvelles fen\u00eatres pour votre maison.\",\"breadcrumb\":{\"@id\":\"https:\\\/\\\/gela-bau.de\\\/fr\\\/service\\\/fenetre\\\/#breadcrumb\"},\"inLanguage\":\"fr-FR\",\"potentialAction\":[{\"@type\":\"ReadAction\",\"target\":[\"https:\\\/\\\/gela-bau.de\\\/fr\\\/service\\\/fenetre\\\/\"]}]},{\"@type\":\"ImageObject\",\"inLanguage\":\"fr-FR\",\"@id\":\"https:\\\/\\\/gela-bau.de\\\/fr\\\/service\\\/fenetre\\\/#primaryimage\",\"url\":\"https:\\\/\\\/gela-bau.de\\\/wp-content\\\/uploads\\\/2023\\\/05\\\/Gela-Weru-Fenster.png\",\"contentUrl\":\"https:\\\/\\\/gela-bau.de\\\/wp-content\\\/uploads\\\/2023\\\/05\\\/Gela-Weru-Fenster.png\",\"width\":600,\"height\":600},{\"@type\":\"BreadcrumbList\",\"@id\":\"https:\\\/\\\/gela-bau.de\\\/fr\\\/service\\\/fenetre\\\/#breadcrumb\",\"itemListElement\":[{\"@type\":\"ListItem\",\"position\":1,\"name\":\"Startseite\",\"item\":\"https:\\\/\\\/gela-bau.de\\\/fr\\\/\"},{\"@type\":\"ListItem\",\"position\":2,\"name\":\"Service\",\"item\":\"https:\\\/\\\/gela-bau.de\\\/fr\\\/service\\\/\"},{\"@type\":\"ListItem\",\"position\":3,\"name\":\"Fen\u00eatre\"}]},{\"@type\":\"WebSite\",\"@id\":\"https:\\\/\\\/gela-bau.de\\\/fr\\\/#website\",\"url\":\"https:\\\/\\\/gela-bau.de\\\/fr\\\/\",\"name\":\"GELA Bauelemente GmbH\",\"description\":\"Ihr Fensterbauer\",\"publisher\":{\"@id\":\"https:\\\/\\\/gela-bau.de\\\/fr\\\/#organization\"},\"potentialAction\":[{\"@type\":\"SearchAction\",\"target\":{\"@type\":\"EntryPoint\",\"urlTemplate\":\"https:\\\/\\\/gela-bau.de\\\/fr\\\/?s={search_term_string}\"},\"query-input\":{\"@type\":\"PropertyValueSpecification\",\"valueRequired\":true,\"valueName\":\"search_term_string\"}}],\"inLanguage\":\"fr-FR\"},{\"@type\":\"Organization\",\"@id\":\"https:\\\/\\\/gela-bau.de\\\/fr\\\/#organization\",\"name\":\"GELA Bauelemente GmbH\",\"url\":\"https:\\\/\\\/gela-bau.de\\\/fr\\\/\",\"logo\":{\"@type\":\"ImageObject\",\"inLanguage\":\"fr-FR\",\"@id\":\"https:\\\/\\\/gela-bau.de\\\/fr\\\/#\\\/schema\\\/logo\\\/image\\\/\",\"url\":\"https:\\\/\\\/gela-bau.de\\\/wp-content\\\/uploads\\\/2023\\\/05\\\/GELA-Logo.svg\",\"contentUrl\":\"https:\\\/\\\/gela-bau.de\\\/wp-content\\\/uploads\\\/2023\\\/05\\\/GELA-Logo.svg\",\"width\":304,\"height\":112,\"caption\":\"GELA Bauelemente GmbH\"},\"image\":{\"@id\":\"https:\\\/\\\/gela-bau.de\\\/fr\\\/#\\\/schema\\\/logo\\\/image\\\/\"},\"sameAs\":[\"https:\\\/\\\/www.facebook.com\\\/Gela.Bauelemente\",\"https:\\\/\\\/www.instagram.com\\\/gela.bauelemente\\\/\"]}]}<\/script>\n<!-- \/ Yoast SEO Premium plugin. -->","yoast_head_json":{"title":"Fen\u00eatre - GELA Bauelemente GmbH","description":"Gr\u00e2ce \u00e0 leur capacit\u00e9 d'isolation, les fen\u00eatres de haute qualit\u00e9 contribuent \u00e0 \u00e9conomiser les co\u00fbts \u00e9nerg\u00e9tiques. Nous livrons volontiers de nouvelles fen\u00eatres pour votre maison.","robots":{"index":"index","follow":"follow","max-snippet":"max-snippet:-1","max-image-preview":"max-image-preview:large","max-video-preview":"max-video-preview:-1"},"canonical":"https:\/\/gela-bau.de\/fr\/service\/fenetre\/","og_locale":"fr_FR","og_type":"article","og_title":"Fen\u00eatre","og_description":"Gr\u00e2ce \u00e0 leur capacit\u00e9 d'isolation, les fen\u00eatres de haute qualit\u00e9 contribuent \u00e0 \u00e9conomiser les co\u00fbts \u00e9nerg\u00e9tiques. Nous livrons volontiers de nouvelles fen\u00eatres pour votre maison.","og_url":"https:\/\/gela-bau.de\/fr\/service\/fenetre\/","og_site_name":"GELA Bauelemente GmbH","article_publisher":"https:\/\/www.facebook.com\/Gela.Bauelemente","article_modified_time":"2023-09-06T08:20:27+00:00","og_image":[{"width":600,"height":600,"url":"https:\/\/gela-bau.de\/wp-content\/uploads\/2023\/05\/Gela-Weru-Fenster.png","type":"image\/png"}],"twitter_card":"summary_large_image","twitter_misc":{"Dur\u00e9e de lecture estim\u00e9e":"3 minutes"},"schema":{"@context":"https:\/\/schema.org","@graph":[{"@type":"WebPage","@id":"https:\/\/gela-bau.de\/fr\/service\/fenetre\/","url":"https:\/\/gela-bau.de\/fr\/service\/fenetre\/","name":"Fen\u00eatre - GELA Bauelemente GmbH","isPartOf":{"@id":"https:\/\/gela-bau.de\/fr\/#website"},"primaryImageOfPage":{"@id":"https:\/\/gela-bau.de\/fr\/service\/fenetre\/#primaryimage"},"image":{"@id":"https:\/\/gela-bau.de\/fr\/service\/fenetre\/#primaryimage"},"thumbnailUrl":"https:\/\/gela-bau.de\/wp-content\/uploads\/2023\/05\/Gela-Weru-Fenster.png","datePublished":"2023-05-08T09:27:12+00:00","dateModified":"2023-09-06T08:20:27+00:00","description":"Gr\u00e2ce \u00e0 leur capacit\u00e9 d'isolation, les fen\u00eatres de haute qualit\u00e9 contribuent \u00e0 \u00e9conomiser les co\u00fbts \u00e9nerg\u00e9tiques. Nous livrons volontiers de nouvelles fen\u00eatres pour votre maison.","breadcrumb":{"@id":"https:\/\/gela-bau.de\/fr\/service\/fenetre\/#breadcrumb"},"inLanguage":"fr-FR","potentialAction":[{"@type":"ReadAction","target":["https:\/\/gela-bau.de\/fr\/service\/fenetre\/"]}]},{"@type":"ImageObject","inLanguage":"fr-FR","@id":"https:\/\/gela-bau.de\/fr\/service\/fenetre\/#primaryimage","url":"https:\/\/gela-bau.de\/wp-content\/uploads\/2023\/05\/Gela-Weru-Fenster.png","contentUrl":"https:\/\/gela-bau.de\/wp-content\/uploads\/2023\/05\/Gela-Weru-Fenster.png","width":600,"height":600},{"@type":"BreadcrumbList","@id":"https:\/\/gela-bau.de\/fr\/service\/fenetre\/#breadcrumb","itemListElement":[{"@type":"ListItem","position":1,"name":"Startseite","item":"https:\/\/gela-bau.de\/fr\/"},{"@type":"ListItem","position":2,"name":"Service","item":"https:\/\/gela-bau.de\/fr\/service\/"},{"@type":"ListItem","position":3,"name":"Fen\u00eatre"}]},{"@type":"WebSite","@id":"https:\/\/gela-bau.de\/fr\/#website","url":"https:\/\/gela-bau.de\/fr\/","name":"GELA Bauelemente GmbH","description":"Ihr Fensterbauer","publisher":{"@id":"https:\/\/gela-bau.de\/fr\/#organization"},"potentialAction":[{"@type":"SearchAction","target":{"@type":"EntryPoint","urlTemplate":"https:\/\/gela-bau.de\/fr\/?s={search_term_string}"},"query-input":{"@type":"PropertyValueSpecification","valueRequired":true,"valueName":"search_term_string"}}],"inLanguage":"fr-FR"},{"@type":"Organization","@id":"https:\/\/gela-bau.de\/fr\/#organization","name":"GELA Bauelemente GmbH","url":"https:\/\/gela-bau.de\/fr\/","logo":{"@type":"ImageObject","inLanguage":"fr-FR","@id":"https:\/\/gela-bau.de\/fr\/#\/schema\/logo\/image\/","url":"https:\/\/gela-bau.de\/wp-content\/uploads\/2023\/05\/GELA-Logo.svg","contentUrl":"https:\/\/gela-bau.de\/wp-content\/uploads\/2023\/05\/GELA-Logo.svg","width":304,"height":112,"caption":"GELA Bauelemente GmbH"},"image":{"@id":"https:\/\/gela-bau.de\/fr\/#\/schema\/logo\/image\/"},"sameAs":["https:\/\/www.facebook.com\/Gela.Bauelemente","https:\/\/www.instagram.com\/gela.bauelemente\/"]}]}},"_links":{"self":[{"href":"https:\/\/gela-bau.de\/fr\/wp-json\/wp\/v2\/pages\/1765","targetHints":{"allow":["GET"]}}],"collection":[{"href":"https:\/\/gela-bau.de\/fr\/wp-json\/wp\/v2\/pages"}],"about":[{"href":"https:\/\/gela-bau.de\/fr\/wp-json\/wp\/v2\/types\/page"}],"author":[{"embeddable":true,"href":"https:\/\/gela-bau.de\/fr\/wp-json\/wp\/v2\/users\/2"}],"replies":[{"embeddable":true,"href":"https:\/\/gela-bau.de\/fr\/wp-json\/wp\/v2\/comments?post=1765"}],"version-history":[{"count":4,"href":"https:\/\/gela-bau.de\/fr\/wp-json\/wp\/v2\/pages\/1765\/revisions"}],"predecessor-version":[{"id":1828,"href":"https:\/\/gela-bau.de\/fr\/wp-json\/wp\/v2\/pages\/1765\/revisions\/1828"}],"up":[{"embeddable":true,"href":"https:\/\/gela-bau.de\/fr\/wp-json\/wp\/v2\/pages\/1761"}],"wp:featuredmedia":[{"embeddable":true,"href":"https:\/\/gela-bau.de\/fr\/wp-json\/wp\/v2\/media\/1477"}],"wp:attachment":[{"href":"https:\/\/gela-bau.de\/fr\/wp-json\/wp\/v2\/media?parent=1765"}],"curies":[{"name":"wp","href":"https:\/\/api.w.org\/{rel}","templated":true}]}}