{"id":1784,"date":"2023-05-08T09:08:22","date_gmt":"2023-05-08T09:08:22","guid":{"rendered":"https:\/\/gela-bau.de\/mentions-legales\/"},"modified":"2023-08-08T08:58:01","modified_gmt":"2023-08-08T08:58:01","slug":"mentions-legales","status":"publish","type":"page","link":"https:\/\/gela-bau.de\/fr\/mentions-legales\/","title":{"rendered":"Mentions l\u00e9gales"},"content":{"rendered":"\n<h3 class=\"wp-block-heading\">Responsable du contenu<\/h3>\n\n<p>GELA Bauelemente GmbH, Im Kr\u00e4nzliacker 9, 79576 Weil am Rhein<\/p>\n\n<p>T\u00e9l\u00e9phone\u00a0: 0 76 21 \/ 79 79 815, Fax : 0 76 21 \/ 79 79 816<br\/>mg@gela-bau.de<\/p>\n\n<p>Directeurs g\u00e9n\u00e9raux\u00a0: Martin Gerwig<br\/>Enregistrement\u00a0: ID TVA FR\u00a0: 221347889 \/\/ HRB\u00a0: 3339<\/p>\n\n<hr class=\"wp-block-separator has-alpha-channel-opacity\"\/>\n\n<h3 class=\"wp-block-heading\">\u00a0<\/h3>\n\n<h3 class=\"wp-block-heading\">Clause de non-responsabilit\u00e9<\/h3>\n\n<p>Exclusion de responsabilit\u00e9\u00a0: attention\u00a0: Les contenus des sites web vers lesquels il existe un lien sont sous la responsabilit\u00e9 des auteurs respectifs de ces sites. GELA Bauelemente GmbH, repr\u00e9sent\u00e9e par son directeur Martin Gerwig, n&rsquo;assume aucune responsabilit\u00e9 pour ces fournisseurs et leurs informations. Toutes les informations figurant sur les pages Internet de GELA Bauelemente GmbH ont \u00e9t\u00e9 r\u00e9dig\u00e9es avec le plus grand soin. Ils sont sans engagement ; sous r\u00e9serve d&rsquo;erreur. Image, texte, vid\u00e9o et sources sonores avec l&rsquo;aimable autorisation de nos partenaires de longue date.<\/p>\n","protected":false},"excerpt":{"rendered":"<p>Responsable du contenu GELA Bauelemente GmbH, Im Kr\u00e4nzliacker 9, 79576 Weil am Rhein T\u00e9l\u00e9phone\u00a0: 0 76 21 \/ 79 79 815, Fax : 0 76 21 \/ 79 79 816mg@gela-bau.de Directeurs g\u00e9n\u00e9raux\u00a0: Martin GerwigEnregistrement\u00a0: ID TVA FR\u00a0: 221347889 \/\/ HRB\u00a0: 3339 \u00a0 Clause de non-responsabilit\u00e9 Exclusion de responsabilit\u00e9\u00a0: attention\u00a0: Les contenus des sites web vers [&hellip;]<\/p>\n","protected":false},"author":2,"featured_media":0,"parent":0,"menu_order":100,"comment_status":"closed","ping_status":"closed","template":"","meta":{"footnotes":""},"class_list":["post-1784","page","type-page","status-publish","hentry"],"yoast_head":"<!-- This site is optimized with the Yoast SEO Premium plugin v27.4 (Yoast SEO v27.4) - https:\/\/yoast.com\/product\/yoast-seo-premium-wordpress\/ -->\n<title>Mentions l\u00e9gales - GELA Bauelemente GmbH<\/title>\n<meta name=\"robots\" content=\"index, follow, max-snippet:-1, max-image-preview:large, max-video-preview:-1\" \/>\n<link rel=\"canonical\" href=\"https:\/\/gela-bau.de\/fr\/mentions-legales\/\" \/>\n<meta property=\"og:locale\" content=\"fr_FR\" \/>\n<meta property=\"og:type\" content=\"article\" \/>\n<meta property=\"og:title\" content=\"Mentions l\u00e9gales\" \/>\n<meta property=\"og:description\" content=\"Responsable du contenu GELA Bauelemente GmbH, Im Kr\u00e4nzliacker 9, 79576 Weil am Rhein T\u00e9l\u00e9phone\u00a0: 0 76 21 \/ 79 79 815, Fax : 0 76 21 \/ 79 79 816mg@gela-bau.de Directeurs g\u00e9n\u00e9raux\u00a0: Martin GerwigEnregistrement\u00a0: ID TVA FR\u00a0: 221347889 \/\/ HRB\u00a0: 3339 \u00a0 Clause de non-responsabilit\u00e9 Exclusion de responsabilit\u00e9\u00a0: attention\u00a0: Les contenus des sites web vers [&hellip;]\" \/>\n<meta property=\"og:url\" content=\"https:\/\/gela-bau.de\/fr\/mentions-legales\/\" \/>\n<meta property=\"og:site_name\" content=\"GELA Bauelemente GmbH\" \/>\n<meta property=\"article:publisher\" content=\"https:\/\/www.facebook.com\/Gela.Bauelemente\" \/>\n<meta property=\"article:modified_time\" content=\"2023-08-08T08:58:01+00:00\" \/>\n<meta name=\"twitter:card\" content=\"summary_large_image\" \/>\n<meta name=\"twitter:label1\" content=\"Dur\u00e9e de lecture estim\u00e9e\" \/>\n\t<meta name=\"twitter:data1\" content=\"1 minute\" \/>\n<script type=\"application\/ld+json\" class=\"yoast-schema-graph\">{\"@context\":\"https:\\\/\\\/schema.org\",\"@graph\":[{\"@type\":\"WebPage\",\"@id\":\"https:\\\/\\\/gela-bau.de\\\/fr\\\/mentions-legales\\\/\",\"url\":\"https:\\\/\\\/gela-bau.de\\\/fr\\\/mentions-legales\\\/\",\"name\":\"Mentions l\u00e9gales - GELA Bauelemente GmbH\",\"isPartOf\":{\"@id\":\"https:\\\/\\\/gela-bau.de\\\/fr\\\/#website\"},\"datePublished\":\"2023-05-08T09:08:22+00:00\",\"dateModified\":\"2023-08-08T08:58:01+00:00\",\"breadcrumb\":{\"@id\":\"https:\\\/\\\/gela-bau.de\\\/fr\\\/mentions-legales\\\/#breadcrumb\"},\"inLanguage\":\"fr-FR\",\"potentialAction\":[{\"@type\":\"ReadAction\",\"target\":[\"https:\\\/\\\/gela-bau.de\\\/fr\\\/mentions-legales\\\/\"]}]},{\"@type\":\"BreadcrumbList\",\"@id\":\"https:\\\/\\\/gela-bau.de\\\/fr\\\/mentions-legales\\\/#breadcrumb\",\"itemListElement\":[{\"@type\":\"ListItem\",\"position\":1,\"name\":\"Startseite\",\"item\":\"https:\\\/\\\/gela-bau.de\\\/fr\\\/\"},{\"@type\":\"ListItem\",\"position\":2,\"name\":\"Mentions l\u00e9gales\"}]},{\"@type\":\"WebSite\",\"@id\":\"https:\\\/\\\/gela-bau.de\\\/fr\\\/#website\",\"url\":\"https:\\\/\\\/gela-bau.de\\\/fr\\\/\",\"name\":\"GELA Bauelemente GmbH\",\"description\":\"Ihr Fensterbauer\",\"publisher\":{\"@id\":\"https:\\\/\\\/gela-bau.de\\\/fr\\\/#organization\"},\"potentialAction\":[{\"@type\":\"SearchAction\",\"target\":{\"@type\":\"EntryPoint\",\"urlTemplate\":\"https:\\\/\\\/gela-bau.de\\\/fr\\\/?s={search_term_string}\"},\"query-input\":{\"@type\":\"PropertyValueSpecification\",\"valueRequired\":true,\"valueName\":\"search_term_string\"}}],\"inLanguage\":\"fr-FR\"},{\"@type\":\"Organization\",\"@id\":\"https:\\\/\\\/gela-bau.de\\\/fr\\\/#organization\",\"name\":\"GELA Bauelemente GmbH\",\"url\":\"https:\\\/\\\/gela-bau.de\\\/fr\\\/\",\"logo\":{\"@type\":\"ImageObject\",\"inLanguage\":\"fr-FR\",\"@id\":\"https:\\\/\\\/gela-bau.de\\\/fr\\\/#\\\/schema\\\/logo\\\/image\\\/\",\"url\":\"https:\\\/\\\/gela-bau.de\\\/wp-content\\\/uploads\\\/2023\\\/05\\\/GELA-Logo.svg\",\"contentUrl\":\"https:\\\/\\\/gela-bau.de\\\/wp-content\\\/uploads\\\/2023\\\/05\\\/GELA-Logo.svg\",\"width\":304,\"height\":112,\"caption\":\"GELA Bauelemente GmbH\"},\"image\":{\"@id\":\"https:\\\/\\\/gela-bau.de\\\/fr\\\/#\\\/schema\\\/logo\\\/image\\\/\"},\"sameAs\":[\"https:\\\/\\\/www.facebook.com\\\/Gela.Bauelemente\",\"https:\\\/\\\/www.instagram.com\\\/gela.bauelemente\\\/\"]}]}<\/script>\n<!-- \/ Yoast SEO Premium plugin. -->","yoast_head_json":{"title":"Mentions l\u00e9gales - GELA Bauelemente GmbH","robots":{"index":"index","follow":"follow","max-snippet":"max-snippet:-1","max-image-preview":"max-image-preview:large","max-video-preview":"max-video-preview:-1"},"canonical":"https:\/\/gela-bau.de\/fr\/mentions-legales\/","og_locale":"fr_FR","og_type":"article","og_title":"Mentions l\u00e9gales","og_description":"Responsable du contenu GELA Bauelemente GmbH, Im Kr\u00e4nzliacker 9, 79576 Weil am Rhein T\u00e9l\u00e9phone\u00a0: 0 76 21 \/ 79 79 815, Fax : 0 76 21 \/ 79 79 816mg@gela-bau.de Directeurs g\u00e9n\u00e9raux\u00a0: Martin GerwigEnregistrement\u00a0: ID TVA FR\u00a0: 221347889 \/\/ HRB\u00a0: 3339 \u00a0 Clause de non-responsabilit\u00e9 Exclusion de responsabilit\u00e9\u00a0: attention\u00a0: Les contenus des sites web vers [&hellip;]","og_url":"https:\/\/gela-bau.de\/fr\/mentions-legales\/","og_site_name":"GELA Bauelemente GmbH","article_publisher":"https:\/\/www.facebook.com\/Gela.Bauelemente","article_modified_time":"2023-08-08T08:58:01+00:00","twitter_card":"summary_large_image","twitter_misc":{"Dur\u00e9e de lecture estim\u00e9e":"1 minute"},"schema":{"@context":"https:\/\/schema.org","@graph":[{"@type":"WebPage","@id":"https:\/\/gela-bau.de\/fr\/mentions-legales\/","url":"https:\/\/gela-bau.de\/fr\/mentions-legales\/","name":"Mentions l\u00e9gales - GELA Bauelemente GmbH","isPartOf":{"@id":"https:\/\/gela-bau.de\/fr\/#website"},"datePublished":"2023-05-08T09:08:22+00:00","dateModified":"2023-08-08T08:58:01+00:00","breadcrumb":{"@id":"https:\/\/gela-bau.de\/fr\/mentions-legales\/#breadcrumb"},"inLanguage":"fr-FR","potentialAction":[{"@type":"ReadAction","target":["https:\/\/gela-bau.de\/fr\/mentions-legales\/"]}]},{"@type":"BreadcrumbList","@id":"https:\/\/gela-bau.de\/fr\/mentions-legales\/#breadcrumb","itemListElement":[{"@type":"ListItem","position":1,"name":"Startseite","item":"https:\/\/gela-bau.de\/fr\/"},{"@type":"ListItem","position":2,"name":"Mentions l\u00e9gales"}]},{"@type":"WebSite","@id":"https:\/\/gela-bau.de\/fr\/#website","url":"https:\/\/gela-bau.de\/fr\/","name":"GELA Bauelemente GmbH","description":"Ihr Fensterbauer","publisher":{"@id":"https:\/\/gela-bau.de\/fr\/#organization"},"potentialAction":[{"@type":"SearchAction","target":{"@type":"EntryPoint","urlTemplate":"https:\/\/gela-bau.de\/fr\/?s={search_term_string}"},"query-input":{"@type":"PropertyValueSpecification","valueRequired":true,"valueName":"search_term_string"}}],"inLanguage":"fr-FR"},{"@type":"Organization","@id":"https:\/\/gela-bau.de\/fr\/#organization","name":"GELA Bauelemente GmbH","url":"https:\/\/gela-bau.de\/fr\/","logo":{"@type":"ImageObject","inLanguage":"fr-FR","@id":"https:\/\/gela-bau.de\/fr\/#\/schema\/logo\/image\/","url":"https:\/\/gela-bau.de\/wp-content\/uploads\/2023\/05\/GELA-Logo.svg","contentUrl":"https:\/\/gela-bau.de\/wp-content\/uploads\/2023\/05\/GELA-Logo.svg","width":304,"height":112,"caption":"GELA Bauelemente GmbH"},"image":{"@id":"https:\/\/gela-bau.de\/fr\/#\/schema\/logo\/image\/"},"sameAs":["https:\/\/www.facebook.com\/Gela.Bauelemente","https:\/\/www.instagram.com\/gela.bauelemente\/"]}]}},"_links":{"self":[{"href":"https:\/\/gela-bau.de\/fr\/wp-json\/wp\/v2\/pages\/1784","targetHints":{"allow":["GET"]}}],"collection":[{"href":"https:\/\/gela-bau.de\/fr\/wp-json\/wp\/v2\/pages"}],"about":[{"href":"https:\/\/gela-bau.de\/fr\/wp-json\/wp\/v2\/types\/page"}],"author":[{"embeddable":true,"href":"https:\/\/gela-bau.de\/fr\/wp-json\/wp\/v2\/users\/2"}],"replies":[{"embeddable":true,"href":"https:\/\/gela-bau.de\/fr\/wp-json\/wp\/v2\/comments?post=1784"}],"version-history":[{"count":1,"href":"https:\/\/gela-bau.de\/fr\/wp-json\/wp\/v2\/pages\/1784\/revisions"}],"predecessor-version":[{"id":1785,"href":"https:\/\/gela-bau.de\/fr\/wp-json\/wp\/v2\/pages\/1784\/revisions\/1785"}],"wp:attachment":[{"href":"https:\/\/gela-bau.de\/fr\/wp-json\/wp\/v2\/media?parent=1784"}],"curies":[{"name":"wp","href":"https:\/\/api.w.org\/{rel}","templated":true}]}}